{"id":11151,"date":"2026-04-08T16:04:12","date_gmt":"2026-04-08T16:04:12","guid":{"rendered":"https:\/\/www.icomos.ch\/?page_id=11151"},"modified":"2026-04-08T16:04:13","modified_gmt":"2026-04-08T16:04:13","slug":"sonstige-altere-publikationen","status":"publish","type":"page","link":"https:\/\/www.icomos.ch\/fr\/publications\/sonstige-altere-publikationen\/","title":{"rendered":"Sonstige \/ \u00c4ltere Publikationen"},"content":{"rendered":"\n<div class=\"wp-block-cover is-light\"><img loading=\"lazy\" decoding=\"async\" width=\"640\" height=\"960\" class=\"wp-block-cover__image-background wp-image-1055 size-large\" alt=\"\" src=\"https:\/\/www.icomos.ch\/wp-content\/uploads\/2016\/04\/packshot-schuber-front-offen-neu2-640x960.jpg\" data-object-fit=\"cover\" srcset=\"https:\/\/www.icomos.ch\/wp-content\/uploads\/2016\/04\/packshot-schuber-front-offen-neu2-640x960.jpg 640w, https:\/\/www.icomos.ch\/wp-content\/uploads\/2016\/04\/packshot-schuber-front-offen-neu2-427x640.jpg 427w, https:\/\/www.icomos.ch\/wp-content\/uploads\/2016\/04\/packshot-schuber-front-offen-neu2.jpg 2041w\" sizes=\"auto, (max-width: 640px) 100vw, 640px\" \/><span aria-hidden=\"true\" class=\"wp-block-cover__background has-background-dim-0 has-background-dim\"><\/span><div class=\"wp-block-cover__inner-container is-layout-constrained wp-block-cover-is-layout-constrained\">\n<h1 class=\"wp-block-heading has-text-align-center has-white-color has-text-color has-link-color wp-elements-67ff0376893d46762a18082273555388\">Sonstige \/ \u00c4ltere Publikationen<\/h1>\n<\/div><\/div>\n\n\n\n<div class=\"wp-block-group is-layout-constrained wp-block-group-is-layout-constrained\">\n<ul class=\"wp-block-list publications-categories\">\n<li><a href=\"https:\/\/www.icomos.ch\/fr\/publications\/\" data-type=\"page\" data-id=\"562\">ICOMOS Publikationen<\/a><\/li>\n\n\n\n<li><a href=\"https:\/\/www.icomos.ch\/fr\/publications\/monumenta\/\" data-type=\"page\" data-id=\"10796\">Monumenta<\/a><\/li>\n\n\n\n<li><a href=\"https:\/\/www.icomos.ch\/fr\/publications\/publikationen-als-mitherausgeberin\/\" data-type=\"page\" data-id=\"10797\">Publikationen als Mitherausgeberin<\/a><\/li>\n\n\n\n<li><a href=\"https:\/\/www.icomos.ch\/fr\/publications\/publikationen-der-icomos-arbeitsgruppen\/\" data-type=\"page\" data-id=\"10798\">Publikationen der ICOMOS-Arbeitsgruppen<\/a><\/li>\n\n\n\n<li><a href=\"https:\/\/www.icomos.ch\/fr\/publications\/sonstige-altere-publikationen\/\" data-type=\"page\" data-id=\"10799\">Sonstige \/ \u00c4ltere Publikationen<\/a><\/li>\n<\/ul>\n\n\n\n<div class=\"wp-block-query post-list-small is-layout-flow wp-block-query-is-layout-flow\">\n\n<ul class=\"columns-3 wp-block-post-template is-layout-grid wp-container-core-post-template-is-layout-6d3fbd8f wp-block-post-template-is-layout-grid\"><li class=\"wp-block-post post-10072 post type-post status-publish format-standard has-post-thumbnail hentry category-actuel category-autres-publications-plus-anciennes category-publications-dicomos\">\n\n<div class=\"wp-block-group is-layout-flow wp-block-group-is-layout-flow\" style=\"margin-top:0;margin-bottom:3rem;padding-top:0px;padding-right:0px;padding-bottom:0rem;padding-left:0px\"><figure style=\"aspect-ratio:1;\" class=\"wp-block-post-featured-image\"><a href=\"https:\/\/www.icomos.ch\/fr\/international-cultural-heritage-tourism-charter-2022\/\" target=\"_self\"  ><img loading=\"lazy\" decoding=\"async\" width=\"453\" height=\"640\" src=\"https:\/\/www.icomos.ch\/wp-content\/uploads\/Tourism_Charter_Cover-453x640.jpg\" class=\"attachment-medium size-medium wp-post-image\" alt=\"International Cultural Heritage Tourism Charter (2022)\" style=\"width:100%;height:100%;object-fit:cover;\" srcset=\"https:\/\/www.icomos.ch\/wp-content\/uploads\/Tourism_Charter_Cover-453x640.jpg 453w, https:\/\/www.icomos.ch\/wp-content\/uploads\/Tourism_Charter_Cover.jpg 595w\" sizes=\"auto, (max-width: 453px) 100vw, 453px\" \/><\/a><\/figure>\n\n<h3 class=\"wp-block-post-title\"><a href=\"https:\/\/www.icomos.ch\/fr\/international-cultural-heritage-tourism-charter-2022\/\" target=\"_self\" >International Cultural Heritage Tourism Charter (2022)<\/a><\/h3>\n\n<a class=\"wp-block-read-more\" href=\"https:\/\/www.icomos.ch\/fr\/international-cultural-heritage-tourism-charter-2022\/\" target=\"_self\">Read more<span class=\"screen-reader-text\">: International Cultural Heritage Tourism Charter (2022)<\/span><\/a><\/div>\n\n<\/li><li class=\"wp-block-post post-9630 post type-post status-publish format-standard has-post-thumbnail hentry category-autres-publications-plus-anciennes category-publications-dicomos\">\n\n<div class=\"wp-block-group is-layout-flow wp-block-group-is-layout-flow\" style=\"margin-top:0;margin-bottom:3rem;padding-top:0px;padding-right:0px;padding-bottom:0rem;padding-left:0px\"><figure style=\"aspect-ratio:1;\" class=\"wp-block-post-featured-image\"><a href=\"https:\/\/www.icomos.ch\/fr\/heritage-at-risk-patrimoine-en-peril-patrimonio-en-peligro\/\" target=\"_self\"  ><img loading=\"lazy\" decoding=\"async\" width=\"454\" height=\"640\" src=\"https:\/\/www.icomos.ch\/wp-content\/uploads\/heritage_2000_Cover-454x640.jpg\" class=\"attachment-medium size-medium wp-post-image\" alt=\"Heritage at Risk. Patrimoine en P\u00e9ril. Patrimonio en Peligro.\" style=\"width:100%;height:100%;object-fit:cover;\" srcset=\"https:\/\/www.icomos.ch\/wp-content\/uploads\/heritage_2000_Cover-454x640.jpg 454w, https:\/\/www.icomos.ch\/wp-content\/uploads\/heritage_2000_Cover.jpg 589w\" sizes=\"auto, (max-width: 454px) 100vw, 454px\" \/><\/a><\/figure>\n\n<h3 class=\"wp-block-post-title\"><a href=\"https:\/\/www.icomos.ch\/fr\/heritage-at-risk-patrimoine-en-peril-patrimonio-en-peligro\/\" target=\"_self\" >Heritage at Risk. Patrimoine en P\u00e9ril. Patrimonio en Peligro.<\/a><\/h3>\n\n<a class=\"wp-block-read-more\" href=\"https:\/\/www.icomos.ch\/fr\/heritage-at-risk-patrimoine-en-peril-patrimonio-en-peligro\/\" target=\"_self\">Read more<span class=\"screen-reader-text\">: Heritage at Risk. Patrimoine en P\u00e9ril. Patrimonio en Peligro.<\/span><\/a><\/div>\n\n<\/li><li class=\"wp-block-post post-9620 post type-post status-publish format-standard hentry category-autres-publications-plus-anciennes\">\n\n<div class=\"wp-block-group is-layout-flow wp-block-group-is-layout-flow\" style=\"margin-top:0;margin-bottom:3rem;padding-top:0px;padding-right:0px;padding-bottom:0rem;padding-left:0px\"><figure style=\"aspect-ratio:1;\" class=\"wp-block-post-featured-image\"><a href=\"https:\/\/www.icomos.ch\/fr\/das-marburger-bausystem-offenheit-als-prinzip\/\" target=\"_self\"  ><img loading=\"lazy\" decoding=\"async\" width=\"640\" height=\"640\" src=\"https:\/\/www.icomos.ch\/wp-content\/uploads\/ICOMOS-Placeholder.jpg\" class=\"attachment-medium size-medium wp-post-image\" alt=\"\" style=\"width:100%;height:100%;object-fit:cover; opacity: 0.5\" srcset=\"https:\/\/www.icomos.ch\/wp-content\/uploads\/ICOMOS-Placeholder.jpg 427w, https:\/\/www.icomos.ch\/wp-content\/uploads\/ICOMOS-Placeholder.jpg 640w, https:\/\/www.icomos.ch\/wp-content\/uploads\/ICOMOS-Placeholder.jpg 2041w\" sizes=\"auto, (max-width: 640px) 100vw, 640px\"><\/a><\/figure>\n\n<h3 class=\"wp-block-post-title\"><a href=\"https:\/\/www.icomos.ch\/fr\/das-marburger-bausystem-offenheit-als-prinzip\/\" target=\"_self\" >Das Marburger Bausystem. Offenheit als Prinzip<\/a><\/h3>\n\n<a class=\"wp-block-read-more\" href=\"https:\/\/www.icomos.ch\/fr\/das-marburger-bausystem-offenheit-als-prinzip\/\" target=\"_self\">Read more<span class=\"screen-reader-text\">: Das Marburger Bausystem. Offenheit als Prinzip<\/span><\/a><\/div>\n\n<\/li><li class=\"wp-block-post post-9617 post type-post status-publish format-standard has-post-thumbnail hentry category-autres-publications-plus-anciennes\">\n\n<div class=\"wp-block-group is-layout-flow wp-block-group-is-layout-flow\" style=\"margin-top:0;margin-bottom:3rem;padding-top:0px;padding-right:0px;padding-bottom:0rem;padding-left:0px\"><figure style=\"aspect-ratio:1;\" class=\"wp-block-post-featured-image\"><a href=\"https:\/\/www.icomos.ch\/fr\/monumenta-ii-conservation-of-monuments-and-sites-international-principles-in-theory-and-practice-denkmalpflege-internationale-grundsatze-in-theorie-und-praxis\/\" target=\"_self\"  ><img loading=\"lazy\" decoding=\"async\" width=\"451\" height=\"640\" src=\"https:\/\/www.icomos.ch\/wp-content\/uploads\/Monumenta_II_Cover-451x640.jpg\" class=\"attachment-medium size-medium wp-post-image\" alt=\"MONUMENTA II: Conservation of Monuments and Sites &#8211; International Principles in Theory and Practice. Denkmalpflege &#8211; Internationale Grunds\u00e4tze in Theorie und Praxis.\" style=\"width:100%;height:100%;object-fit:cover;\" srcset=\"https:\/\/www.icomos.ch\/wp-content\/uploads\/Monumenta_II_Cover-451x640.jpg 451w, https:\/\/www.icomos.ch\/wp-content\/uploads\/Monumenta_II_Cover.jpg 593w\" sizes=\"auto, (max-width: 451px) 100vw, 451px\" \/><\/a><\/figure>\n\n<h3 class=\"wp-block-post-title\"><a href=\"https:\/\/www.icomos.ch\/fr\/monumenta-ii-conservation-of-monuments-and-sites-international-principles-in-theory-and-practice-denkmalpflege-internationale-grundsatze-in-theorie-und-praxis\/\" target=\"_self\" >MONUMENTA II: Conservation of Monuments and Sites &#8211; International Principles in Theory and Practice. Denkmalpflege &#8211; Internationale Grunds\u00e4tze in Theorie und Praxis.<\/a><\/h3>\n\n<a class=\"wp-block-read-more\" href=\"https:\/\/www.icomos.ch\/fr\/monumenta-ii-conservation-of-monuments-and-sites-international-principles-in-theory-and-practice-denkmalpflege-internationale-grundsatze-in-theorie-und-praxis\/\" target=\"_self\">Read more<span class=\"screen-reader-text\">: MONUMENTA II: Conservation of Monuments and Sites &#8211; International Principles in Theory and Practice. Denkmalpflege &#8211; Internationale Grunds\u00e4tze in Theorie und Praxis.<\/span><\/a><\/div>\n\n<\/li><li class=\"wp-block-post post-9612 post type-post status-publish format-standard has-post-thumbnail hentry category-autres-publications-plus-anciennes category-publications-dicomos\">\n\n<div class=\"wp-block-group is-layout-flow wp-block-group-is-layout-flow\" style=\"margin-top:0;margin-bottom:3rem;padding-top:0px;padding-right:0px;padding-bottom:0rem;padding-left:0px\"><figure style=\"aspect-ratio:1;\" class=\"wp-block-post-featured-image\"><a href=\"https:\/\/www.icomos.ch\/fr\/licomos-publie-une-revision-de-ses-principes-de-qualite-pour-les-interventions-financees-par-lue-ayant-un-impact-potentiel-sur-le-patrimoine-culturel\/\" target=\"_self\"  ><img loading=\"lazy\" decoding=\"async\" width=\"425\" height=\"595\" src=\"https:\/\/www.icomos.ch\/wp-content\/uploads\/EUQS_revised-2020_EN_Cover.jpg\" class=\"attachment-medium size-medium wp-post-image\" alt=\"L&#8217;ICOMOS publie une r\u00e9vision de ses principes de Qualit\u00e9 pour les interventions financ\u00e9es par l&#8217;UE ayant un impact potentiel sur le patrimoine culturel\" style=\"width:100%;height:100%;object-fit:cover;\" \/><\/a><\/figure>\n\n<h3 class=\"wp-block-post-title\"><a href=\"https:\/\/www.icomos.ch\/fr\/licomos-publie-une-revision-de-ses-principes-de-qualite-pour-les-interventions-financees-par-lue-ayant-un-impact-potentiel-sur-le-patrimoine-culturel\/\" target=\"_self\" >L&#8217;ICOMOS publie une r\u00e9vision de ses principes de Qualit\u00e9 pour les interventions financ\u00e9es par l&#8217;UE ayant un impact potentiel sur le patrimoine culturel<\/a><\/h3>\n\n<a class=\"wp-block-read-more\" href=\"https:\/\/www.icomos.ch\/fr\/licomos-publie-une-revision-de-ses-principes-de-qualite-pour-les-interventions-financees-par-lue-ayant-un-impact-potentiel-sur-le-patrimoine-culturel\/\" target=\"_self\">Read more<span class=\"screen-reader-text\">: L&#8217;ICOMOS publie une r\u00e9vision de ses principes de Qualit\u00e9 pour les interventions financ\u00e9es par l&#8217;UE ayant un impact potentiel sur le patrimoine culturel<\/span><\/a><\/div>\n\n<\/li><\/ul>\n\n<\/div>\n<\/div>\n","protected":false},"excerpt":{"rendered":"","protected":false},"author":1,"featured_media":4228,"parent":893,"menu_order":5,"comment_status":"closed","ping_status":"closed","template":"","meta":{"footnotes":""},"class_list":["post-11151","page","type-page","status-publish","has-post-thumbnail","hentry"],"_links":{"self":[{"href":"https:\/\/www.icomos.ch\/fr\/wp-json\/wp\/v2\/pages\/11151","targetHints":{"allow":["GET"]}}],"collection":[{"href":"https:\/\/www.icomos.ch\/fr\/wp-json\/wp\/v2\/pages"}],"about":[{"href":"https:\/\/www.icomos.ch\/fr\/wp-json\/wp\/v2\/types\/page"}],"author":[{"embeddable":true,"href":"https:\/\/www.icomos.ch\/fr\/wp-json\/wp\/v2\/users\/1"}],"replies":[{"embeddable":true,"href":"https:\/\/www.icomos.ch\/fr\/wp-json\/wp\/v2\/comments?post=11151"}],"version-history":[{"count":2,"href":"https:\/\/www.icomos.ch\/fr\/wp-json\/wp\/v2\/pages\/11151\/revisions"}],"predecessor-version":[{"id":11159,"href":"https:\/\/www.icomos.ch\/fr\/wp-json\/wp\/v2\/pages\/11151\/revisions\/11159"}],"up":[{"embeddable":true,"href":"https:\/\/www.icomos.ch\/fr\/wp-json\/wp\/v2\/pages\/893"}],"wp:featuredmedia":[{"embeddable":true,"href":"https:\/\/www.icomos.ch\/fr\/wp-json\/wp\/v2\/media\/4228"}],"wp:attachment":[{"href":"https:\/\/www.icomos.ch\/fr\/wp-json\/wp\/v2\/media?parent=11151"}],"curies":[{"name":"wp","href":"https:\/\/api.w.org\/{rel}","templated":true}]}}