{"id":2031,"date":"2018-02-28T08:36:59","date_gmt":"2018-02-28T08:36:59","guid":{"rendered":"https:\/\/www.icomos.ch\/?page_id=2031\/"},"modified":"2026-02-19T07:54:55","modified_gmt":"2026-02-19T07:54:55","slug":"messages-du-comite","status":"publish","type":"page","link":"https:\/\/www.icomos.ch\/fr\/organisation\/messages-du-comite\/","title":{"rendered":"Messages du comit\u00e9"},"content":{"rendered":"\n<p>Les bulletins d&#8217;information des membres d&#8217;ICOMOS Suisse sont g\u00e9n\u00e9ralement publi\u00e9s trois fois par an. Les num\u00e9ros 1 et 3 sont consacr\u00e9s \u00e0 l&#8217;actualit\u00e9. Le num\u00e9ro 2 est exclusivement d\u00e9di\u00e9 aux informations relatives \u00e0 l&#8217;Assembl\u00e9e g\u00e9n\u00e9rale et se trouve dans le menu \u00ab&nbsp;Assembl\u00e9es g\u00e9n\u00e9rales&nbsp;\u00bb, avec un lien vers les brochures.<\/p>\n\n\n\n<p>Cette page est en cours de r\u00e9vision et de mise \u00e0 jour.<\/p>\n\n\n<ul class=\"wp-block-latest-posts__list is-grid columns-3 wp-block-latest-posts\"><li><a class=\"wp-block-latest-posts__post-title\" href=\"https:\/\/www.icomos.ch\/fr\/lettres-aux-membres-2023\/\">Lettres aux membres 2023<\/a><\/li>\n<li><a class=\"wp-block-latest-posts__post-title\" href=\"https:\/\/www.icomos.ch\/fr\/lettres-aux-membres-2024\/\">Lettres aux membres 2024<\/a><\/li>\n<li><a class=\"wp-block-latest-posts__post-title\" href=\"https:\/\/www.icomos.ch\/fr\/lettre-aux-membres-3-2025\/\">Lettres aux membres 2025<\/a><\/li>\n<li><a class=\"wp-block-latest-posts__post-title\" href=\"https:\/\/www.icomos.ch\/fr\/lettre-aux-membres-32024\/\">Lettres aux membres 2024<\/a><\/li>\n<li><a class=\"wp-block-latest-posts__post-title\" href=\"https:\/\/www.icomos.ch\/fr\/lettre-aux-membres-3-2022-2\/\">Lettre aux membres 2023<\/a><\/li>\n<li><a class=\"wp-block-latest-posts__post-title\" href=\"https:\/\/www.icomos.ch\/fr\/lettre-aux-membres-3-2022\/\">Lettre aux membres 2022<\/a><\/li>\n<li><a class=\"wp-block-latest-posts__post-title\" href=\"https:\/\/www.icomos.ch\/fr\/lettre-aux-membres-01-2022\/\">Lettre aux membres 01 \/ 2022<\/a><\/li>\n<li><a class=\"wp-block-latest-posts__post-title\" href=\"https:\/\/www.icomos.ch\/fr\/lettre-aux-membres-01-2021\/\">Lettre aux membres 2021<\/a><\/li>\n<li><a class=\"wp-block-latest-posts__post-title\" href=\"https:\/\/www.icomos.ch\/fr\/lettre-aux-membres-03-2020\/\">Lettre aux membres 03 \/ 2020<\/a><\/li>\n<li><a class=\"wp-block-latest-posts__post-title\" href=\"https:\/\/www.icomos.ch\/fr\/lettre-aux-membres-01-2020\/\">Lettre aux membres 2020<\/a><\/li>\n<li><a class=\"wp-block-latest-posts__post-title\" href=\"https:\/\/www.icomos.ch\/fr\/lettre-aux-membres-1-2019\/\">Lettres aux membres 2019<\/a><\/li>\n<li><a class=\"wp-block-latest-posts__post-title\" href=\"https:\/\/www.icomos.ch\/fr\/lettre-aux-membres-3-2018\/\">Lettre aux membres 3 \/ 2018<\/a><\/li>\n<li><a class=\"wp-block-latest-posts__post-title\" href=\"https:\/\/www.icomos.ch\/fr\/lettre-aux-membres-1-2018\/\">Lettres aux membres 2018<\/a><\/li>\n<li><a class=\"wp-block-latest-posts__post-title\" href=\"https:\/\/www.icomos.ch\/fr\/lettre-aux-membres-1-2017\/\">Lettres aux membres 2017<\/a><\/li>\n<\/ul>\n\n\n<p><\/p>\n","protected":false},"excerpt":{"rendered":"<p>Messages du comit\u00e9<\/p>\n","protected":false},"author":2,"featured_media":11179,"parent":238,"menu_order":2,"comment_status":"closed","ping_status":"closed","template":"","meta":{"footnotes":""},"class_list":["post-2031","page","type-page","status-publish","has-post-thumbnail","hentry"],"_links":{"self":[{"href":"https:\/\/www.icomos.ch\/fr\/wp-json\/wp\/v2\/pages\/2031","targetHints":{"allow":["GET"]}}],"collection":[{"href":"https:\/\/www.icomos.ch\/fr\/wp-json\/wp\/v2\/pages"}],"about":[{"href":"https:\/\/www.icomos.ch\/fr\/wp-json\/wp\/v2\/types\/page"}],"author":[{"embeddable":true,"href":"https:\/\/www.icomos.ch\/fr\/wp-json\/wp\/v2\/users\/2"}],"replies":[{"embeddable":true,"href":"https:\/\/www.icomos.ch\/fr\/wp-json\/wp\/v2\/comments?post=2031"}],"version-history":[{"count":31,"href":"https:\/\/www.icomos.ch\/fr\/wp-json\/wp\/v2\/pages\/2031\/revisions"}],"predecessor-version":[{"id":10772,"href":"https:\/\/www.icomos.ch\/fr\/wp-json\/wp\/v2\/pages\/2031\/revisions\/10772"}],"up":[{"embeddable":true,"href":"https:\/\/www.icomos.ch\/fr\/wp-json\/wp\/v2\/pages\/238"}],"wp:featuredmedia":[{"embeddable":true,"href":"https:\/\/www.icomos.ch\/fr\/wp-json\/wp\/v2\/media\/11179"}],"wp:attachment":[{"href":"https:\/\/www.icomos.ch\/fr\/wp-json\/wp\/v2\/media?parent=2031"}],"curies":[{"name":"wp","href":"https:\/\/api.w.org\/{rel}","templated":true}]}}