{"id":402,"date":"2016-04-07T18:19:55","date_gmt":"2016-04-07T18:19:55","guid":{"rendered":"https:\/\/www.icomos.ch\/fr\/?page_id=402"},"modified":"2024-11-04T16:23:36","modified_gmt":"2024-11-04T16:23:36","slug":"startseite","status":"publish","type":"page","link":"https:\/\/www.icomos.ch\/fr\/","title":{"rendered":"Startseite"},"content":{"rendered":"\n<div class=\"wp-block-columns is-layout-flex wp-container-core-columns-is-layout-28f84493 wp-block-columns-is-layout-flex\">\n<div class=\"wp-block-column is-layout-flow wp-block-column-is-layout-flow\">\n<p>La section nationale suisse du Conseil international des monuments et des sites est une association r\u00e9unissant des sp\u00e9cialistes engag\u00e9s dans la conservation du patrimoine. Ils sont actifs dans les domaines de l&#8217;architecture, du paysage, du patrimoine, de l&#8217;arch\u00e9ologie, de l&#8217;inventorisation, de la restauration, tant sur le plan scientifique que technique. Les objectifs de l&#8217;ICOMOS sont la protection, la conservation et la surveillance des monuments, des ensembles et des p\u00e9rim\u00e8tres dignes de protection selon des crit\u00e8res homog\u00e8nes. Cette activit\u00e9 est fond\u00e9e sur les principes de conservation adopt\u00e9s parICOMOS International. L&#8217;exigence d&#8217;un effort de r\u00e9flexion national et international portant sut les t\u00e2ches et la probl\u00e9matique de la conservation des monuments historiques est prioritaire. La section nationale suisse participe \u00e0 l&#8217;organisation de rencontres et de colloques, g\u00e9n\u00e9ralement soutenus par des organisations professionnelles, des instances officielles, commissions f\u00e9d\u00e9rales, notamment, ou les milieux culturels.<\/p>\n<\/div>\n\n\n\n<div class=\"wp-block-column is-layout-flow wp-block-column-is-layout-flow\">\n<p>Dans le cadre de l&#8217;ICOMOS International, ICOMOS Suisse entretient des contacts \u00e9troits avec des associations proches ou des organisations comme <a href=\"http:\/\/www.unesco.org\/general\/fre\/\" target=\"_top\" rel=\"noopener\">l&#8217;UNESCO<\/a>, et participe \u00e0 leurs activit\u00e9s. ICOMOS joue un r\u00f4le de conseil et d&#8217;expert lors de l&#8217;inscription de nouveaux objets sur la liste du patrimoine mondial de l&#8217;UNESCO. Les objets naturels sont de la comp\u00e9tence de <a href=\"http:\/\/www.iucn.org\/\" target=\"_blank\" rel=\"noopener noreferrer\">l&#8217;UICN<\/a> alors que les questions particuli\u00e8res d&#8217;analyses et de restauration, par exemples les peintures murales, rel\u00e8vent de <a href=\"http:\/\/www.iccrom.org\/index_fr.shtml\" target=\"_blank\" rel=\"noopener noreferrer\">l&#8217;ICCROM<\/a>. La section suisse de cette organisation unique en son genre a \u00e9t\u00e9 fond\u00e9e en 1966 et&nbsp;jusqu`\u00e0 la fin de l`ann\u00e9e 2012 plus de 250 membres. F\u00e9d\u00e9r\u00e9s au sein de l&#8217;ICOMOS International, dont le si\u00e8ge se trouve \u00e0 Paris, de nombreux pays des cinq continents sont repr\u00e9sent\u00e9s de mani\u00e8re d\u00e9mocratique.<\/p>\n<\/div>\n<\/div>\n\n\n\n<h2 class=\"wp-block-heading\">Nouvelles &amp; \u00e9v\u00e9nements<\/h2>\n\n\n<ul class=\"wp-block-latest-posts__list is-grid columns-3 wp-block-latest-posts\"><li><a class=\"wp-block-latest-posts__post-title\" href=\"https:\/\/www.icomos.ch\/fr\/in-memoriam\/\">In Memoriam<\/a><div class=\"wp-block-latest-posts__post-excerpt\">Am 24. M\u00e4rz 2026 ist Bernhard Furrer, allen bekannt als Benc, \u00fcberraschend gestorben. Seit Jahren hatte er in der Schweizer Denkmalpflegefamilie seinen festen Platz, war an vielen Versammlungen, Tagungen und Anl\u00e4ssen anwesend und beteiligte sich rege am Fachdiskurs. Bis zu seinem Tod ist er als Fachexperte t\u00e4tig gewesen. Nachruf<\/div><\/li>\n<li><a class=\"wp-block-latest-posts__post-title\" href=\"https:\/\/www.icomos.ch\/fr\/%f0%9d%97%a3%f0%9d%98%82%f0%9d%97%af%f0%9d%97%b9%f0%9d%97%b6%f0%9d%97%b0%f0%9d%97%ae%f0%9d%98%81%f0%9d%97%b6%f0%9d%97%bc%f0%9d%97%bb-%f0%9d%97%bc%f0%9d%97%b3-%f0%9d%97%9f%f0%9d%97%ae%f0%9d%97%bb\/\">\ud835\udde3\ud835\ude02\ud835\uddef\ud835\uddf9\ud835\uddf6\ud835\uddf0\ud835\uddee\ud835\ude01\ud835\uddf6\ud835\uddfc\ud835\uddfb \ud835\uddfc\ud835\uddf3 &#8220;\ud835\udddf\ud835\uddee\ud835\uddfb\ud835\uddf1\ud835\ude00\ud835\uddf0\ud835\uddee\ud835\uddfd\ud835\uddf2\ud835\ude00 \ud835\uddfc\ud835\uddf3 \ud835\uddfd\ud835\uddee\ud835\ude00\ud835\ude01\ud835\uddfc\ud835\uddff\ud835\uddee\ud835\uddf9\ud835\uddf6\ud835\ude00\ud835\ude01 \ud835\ude01\ud835\uddff\ud835\uddee\ud835\uddfb\ud835\ude00\ud835\uddf5\ud835\ude02\ud835\uddfa\ud835\uddee\ud835\uddfb\ud835\uddf0\ud835\uddf2&#8221;<\/a><div class=\"wp-block-latest-posts__post-excerpt\">Today, ICOMOS is proud to announce that &#8220;Landscapes of pastoralist transhumance | A thematic approach&#8221; is now available on PUBLICOMOS! The publication is the result of an extensive collaborative process, involving an interdisciplinary pool of international experts. It explores how the seasonal migration of livestock (known as transhumance) has shaped landscapes, cultures, and rural economies\u2026 <a class=\"wp-block-latest-posts__read-more\" href=\"https:\/\/www.icomos.ch\/fr\/%f0%9d%97%a3%f0%9d%98%82%f0%9d%97%af%f0%9d%97%b9%f0%9d%97%b6%f0%9d%97%b0%f0%9d%97%ae%f0%9d%98%81%f0%9d%97%b6%f0%9d%97%bc%f0%9d%97%bb-%f0%9d%97%bc%f0%9d%97%b3-%f0%9d%97%9f%f0%9d%97%ae%f0%9d%97%bb\/\" rel=\"noopener noreferrer\">Read more<span class=\"screen-reader-text\">: \ud835\udde3\ud835\ude02\ud835\uddef\ud835\uddf9\ud835\uddf6\ud835\uddf0\ud835\uddee\ud835\ude01\ud835\uddf6\ud835\uddfc\ud835\uddfb \ud835\uddfc\ud835\uddf3 &#8220;\ud835\udddf\ud835\uddee\ud835\uddfb\ud835\uddf1\ud835\ude00\ud835\uddf0\ud835\uddee\ud835\uddfd\ud835\uddf2\ud835\ude00 \ud835\uddfc\ud835\uddf3 \ud835\uddfd\ud835\uddee\ud835\ude00\ud835\ude01\ud835\uddfc\ud835\uddff\ud835\uddee\ud835\uddf9\ud835\uddf6\ud835\ude00\ud835\ude01 \ud835\ude01\ud835\uddff\ud835\uddee\ud835\uddfb\ud835\ude00\ud835\uddf5\ud835\ude02\ud835\uddfa\ud835\uddee\ud835\uddfb\ud835\uddf0\ud835\uddf2&#8221;<\/span><\/a><\/div><\/li>\n<li><a class=\"wp-block-latest-posts__post-title\" href=\"https:\/\/www.icomos.ch\/fr\/appel-a-candidatures-futurhist-retrofit-academy-maitriser-la-renovation-energetique-des-batiments-historiques\/\">Appel \u00e0 candidatures : FuturHist Retrofit Academy &#8211; ma\u00eetriser la r\u00e9novation \u00e9nerg\u00e9tique des b\u00e2timents historiques<\/a><div class=\"wp-block-latest-posts__post-excerpt\">Rejoignez une cohorte internationale d\u2019experts au sein de la FuturHist Retrofit Academy et d\u00e9veloppez les comp\u00e9tences n\u00e9cessaires pour accompagner la transition \u00e9nerg\u00e9tique de notre patrimoine b\u00e2ti. Ce programme en deux \u00e9tapes, coorganis\u00e9 par les partenaires du projet FuturHist Horizon Europe, dont l\u2019ICOMOS, propose une formation sp\u00e9cialis\u00e9e consacr\u00e9e \u00e0 l\u2019efficacit\u00e9 \u00e9nerg\u00e9tique \u00e0 haute performance et \u00e0\u2026 <a class=\"wp-block-latest-posts__read-more\" href=\"https:\/\/www.icomos.ch\/fr\/appel-a-candidatures-futurhist-retrofit-academy-maitriser-la-renovation-energetique-des-batiments-historiques\/\" rel=\"noopener noreferrer\">Read more<span class=\"screen-reader-text\">: Appel \u00e0 candidatures : FuturHist Retrofit Academy &#8211; ma\u00eetriser la r\u00e9novation \u00e9nerg\u00e9tique des b\u00e2timents historiques<\/span><\/a><\/div><\/li>\n<\/ul>\n\n\n<h2 class=\"wp-block-heading\">Groupes de travail de ICOMOS suisse<\/h2>\n","protected":false},"excerpt":{"rendered":"<p>international \u2013 interdisciplinaire \u2013 ind\u00e9pendant<\/p>\n","protected":false},"author":1,"featured_media":1006,"parent":0,"menu_order":0,"comment_status":"closed","ping_status":"open","template":"template-home.php","meta":{"footnotes":""},"class_list":["post-402","page","type-page","status-publish","has-post-thumbnail","hentry"],"_links":{"self":[{"href":"https:\/\/www.icomos.ch\/fr\/wp-json\/wp\/v2\/pages\/402","targetHints":{"allow":["GET"]}}],"collection":[{"href":"https:\/\/www.icomos.ch\/fr\/wp-json\/wp\/v2\/pages"}],"about":[{"href":"https:\/\/www.icomos.ch\/fr\/wp-json\/wp\/v2\/types\/page"}],"author":[{"embeddable":true,"href":"https:\/\/www.icomos.ch\/fr\/wp-json\/wp\/v2\/users\/1"}],"replies":[{"embeddable":true,"href":"https:\/\/www.icomos.ch\/fr\/wp-json\/wp\/v2\/comments?post=402"}],"version-history":[{"count":4,"href":"https:\/\/www.icomos.ch\/fr\/wp-json\/wp\/v2\/pages\/402\/revisions"}],"predecessor-version":[{"id":8648,"href":"https:\/\/www.icomos.ch\/fr\/wp-json\/wp\/v2\/pages\/402\/revisions\/8648"}],"wp:featuredmedia":[{"embeddable":true,"href":"https:\/\/www.icomos.ch\/fr\/wp-json\/wp\/v2\/media\/1006"}],"wp:attachment":[{"href":"https:\/\/www.icomos.ch\/fr\/wp-json\/wp\/v2\/media?parent=402"}],"curies":[{"name":"wp","href":"https:\/\/api.w.org\/{rel}","templated":true}]}}