{"id":358,"date":"2016-04-07T17:34:12","date_gmt":"2016-04-07T17:34:12","guid":{"rendered":"https:\/\/www.icomos.ch\/it\/?page_id=358"},"modified":"2024-11-04T16:24:26","modified_gmt":"2024-11-04T16:24:26","slug":"richiesta-di-adesione","status":"publish","type":"page","link":"https:\/\/www.icomos.ch\/it\/diventa-e-rimani-attivo\/richiesta-di-adesione\/","title":{"rendered":"Richiesta di adesione"},"content":{"rendered":"\n<h2 class=\"wp-block-heading\">Diventate subito membri!<\/h2>\n\n\n\n<div class=\"wp-block-columns is-layout-flex wp-container-core-columns-is-layout-28f84493 wp-block-columns-is-layout-flex\">\n<div class=\"wp-block-column is-layout-flow wp-block-column-is-layout-flow\">\n<p>Inviando il modulo di candidatura, il candidato conferma di aver letto gli statuti e i principi etici e accetta di rispettarli.<\/p>\n\n\n\n<p>Ogni candidato ha il diritto di contattare il Comitato Consultivo ICOMOS e il Comitato Esecutivo ICOMOS in caso di rifiuto della domanda di adesione o di esclusione dall&#8217;associazione tramite il sito web <a href=\"mailto:secretariat@icomos.org\">secretariat@icomos.org<\/a>.<\/p>\n\n\n\n<p><strong>ICOMOS Suisse<br><br><\/strong>3000 Berne<br>t\u00e9l +41-31-508 10 15<br>fax +41-31-508 10 16<br>secretariat@icomos.ch<\/p>\n<\/div>\n\n\n\n<div class=\"wp-block-column is-layout-flow wp-block-column-is-layout-flow\">\n<p><a href=\"https:\/\/www.icomos.ch\/wp-content\/uploads\/2016\/02\/Statuten_20140516_fr.pdf\" target=\"_blank\" rel=\"noreferrer noopener\">statuts du 16 mai 2014<\/a><\/p>\n\n\n\n<p><a href=\"https:\/\/www.icomos.ch\/fileadmin\/downloads\/organisation\/membership\/20150114-statuts-asadopted-languagecheck-finalcirc.pdf\" target=\"_blank\" rel=\"noreferrer noopener\">Annexe 1: Statuts de l\u2019ICOMOS International, Florence, 2014 (angl. &amp; fr.)<\/a><\/p>\n\n\n\n<p><a href=\"https:\/\/www.icomos.ch\/fileadmin\/downloads\/organisation\/membership\/20150114-ethics-asadopted-languagecheck-finalcirc.pdf\" target=\"_blank\" rel=\"noreferrer noopener\">Annexe 2: Principes \u00e9thiques, Florence, 2014 (angl. &amp; fr.)<\/a><\/p>\n\n\n\n<p>Je confirme par la pr\u00e9sente avoir lu et accept\u00e9 les statuts et le code d&#8217;\u00e9thique.<\/p>\n\n\n\n<p><a href=\"https:\/\/www.icomos.ch\/wp-content\/uploads\/2016\/02\/Icomos_Individuelle_fr_20131212-1.pdf\" target=\"_blank\" rel=\"noreferrer noopener\">Formule d\u2019inscription pour adh\u00e9sion individuelle<br><\/a><a href=\"https:\/\/www.icomos.ch\/wp-content\/uploads\/2016\/02\/Icomos_Collective_fr_20131212.pdf\" target=\"_blank\" rel=\"noreferrer noopener\">Formule d\u2019inscription pour adh\u00e9sion collective<\/a><a href=\"https:\/\/www.icomos.ch\/wp-content\/uploads\/2018\/07\/Vorlage-Anmeldung-Einzelmitgliedschaft.pdf\" target=\"_blank\" rel=\"noreferrer noopener\"><br><\/a><br><\/p>\n<\/div>\n<\/div>\n\n\n\n<p><\/p>\n","protected":false},"excerpt":{"rendered":"<p>Richiesta di adesione<\/p>\n","protected":false},"author":1,"featured_media":1063,"parent":356,"menu_order":1,"comment_status":"closed","ping_status":"closed","template":"","meta":{"footnotes":""},"class_list":["post-358","page","type-page","status-publish","has-post-thumbnail","hentry"],"_links":{"self":[{"href":"https:\/\/www.icomos.ch\/it\/wp-json\/wp\/v2\/pages\/358","targetHints":{"allow":["GET"]}}],"collection":[{"href":"https:\/\/www.icomos.ch\/it\/wp-json\/wp\/v2\/pages"}],"about":[{"href":"https:\/\/www.icomos.ch\/it\/wp-json\/wp\/v2\/types\/page"}],"author":[{"embeddable":true,"href":"https:\/\/www.icomos.ch\/it\/wp-json\/wp\/v2\/users\/1"}],"replies":[{"embeddable":true,"href":"https:\/\/www.icomos.ch\/it\/wp-json\/wp\/v2\/comments?post=358"}],"version-history":[{"count":7,"href":"https:\/\/www.icomos.ch\/it\/wp-json\/wp\/v2\/pages\/358\/revisions"}],"predecessor-version":[{"id":8698,"href":"https:\/\/www.icomos.ch\/it\/wp-json\/wp\/v2\/pages\/358\/revisions\/8698"}],"up":[{"embeddable":true,"href":"https:\/\/www.icomos.ch\/it\/wp-json\/wp\/v2\/pages\/356"}],"wp:featuredmedia":[{"embeddable":true,"href":"https:\/\/www.icomos.ch\/it\/wp-json\/wp\/v2\/media\/1063"}],"wp:attachment":[{"href":"https:\/\/www.icomos.ch\/it\/wp-json\/wp\/v2\/media?parent=358"}],"curies":[{"name":"wp","href":"https:\/\/api.w.org\/{rel}","templated":true}]}}